{"id":10,"date":"2020-04-29T19:45:48","date_gmt":"2020-04-29T19:45:48","guid":{"rendered":"https:\/\/lachyoga-in-karlsruhe.de\/?page_id=9"},"modified":"2024-09-27T15:26:07","modified_gmt":"2024-09-27T15:26:07","slug":"impressum-disclaimer-widerrufsbelehrung","status":"publish","type":"page","link":"https:\/\/haraldreichle.de\/index.php\/impressum-disclaimer-widerrufsbelehrung\/","title":{"rendered":"Impressum Disclaimer"},"content":{"rendered":"\n<h2 class=\"wp-block-heading\"><strong>IMPRESSUM<\/strong><\/h2>\n\n\n\n<h3 class=\"wp-block-heading\">Angaben gem\u00e4\u00df \u00a7 5 DGG<\/h3>\n\n\n\n<p>Harald Reichle &#8211; Vitaltherapeut \u00ae<br><\/p>\n\n\n\n<figure class=\"wp-block-image size-full is-resized\"><img loading=\"lazy\" decoding=\"async\" width=\"646\" height=\"360\" src=\"https:\/\/haraldreichle.de\/wp-content\/uploads\/2024\/01\/Adresse-Impressum-unschaft-ohne-Email.png\" alt=\"\" class=\"wp-image-1188\" style=\"width:300px;height:auto\" srcset=\"https:\/\/haraldreichle.de\/wp-content\/uploads\/2024\/01\/Adresse-Impressum-unschaft-ohne-Email.png 646w, https:\/\/haraldreichle.de\/wp-content\/uploads\/2024\/01\/Adresse-Impressum-unschaft-ohne-Email-300x167.png 300w\" sizes=\"auto, (max-width: 646px) 100vw, 646px\" \/><\/figure>\n\n\n\n<h3 class=\"wp-block-heading\">Kontakt<\/h3>\n\n\n\n<p><br> kontakt@haraldreichle<s><mark style=\"background-color:rgba(0, 0, 0, 0)\" class=\"has-inline-color has-nv-c-2-color\">ENTFERNEN<\/mark><\/s>.de<\/p>\n\n\n\n<h3 class=\"wp-block-heading\">Umsatzsteuer-ID<\/h3>\n\n\n\n<p>Umsatzsteuer-Identifikationsnummer gem\u00e4\u00df \u00a7 27 a Umsatzsteuergesetz:<br>DE 93 846 175 005 &#8211; gem\u00e4\u00df \u00a719 Abs.1 UStG von der Umsatzsteuer befreit<\/p>\n\n\n\n<h3 class=\"wp-block-heading\">Aufsichtsbeh\u00f6rde:<\/h3>\n\n\n\n<p>Gewerbeamt Karlsruhe<\/p>\n\n\n\n<h3 class=\"wp-block-heading\">Angaben zur Berufshaftpflichtversicherung<\/h3>\n\n\n\n<p>Name und Sitz des Versicherers:<br>Ostangler Brandgilde VVaG<br>Flensburger Stra\u00dfe 5<br>24376 Kappeln<\/p>\n\n\n\n<p>www.ostangler.de<\/p>\n\n\n\n<p>Geltungsraum der Versicherung:  Deutschland<\/p>\n\n\n\n<h3 class=\"wp-block-heading\">Redaktionell Verantwortlicher<\/h3>\n\n\n\n<p>Harald Reichle<br>Sch\u00f6nfeldstra\u00dfe 1<br>76131 Karlsruhe<\/p>\n\n\n\n<h3 class=\"wp-block-heading\">EU-Streitstschlichtung<\/h3>\n\n\n\n<p>Die Europ\u00e4ische Kommission stellt eine Plattform zur Online-Streitbeilegung (OS) bereit:<br>https:\/\/ec.europa.eu\/consumers\/odr.<br>Unsere E-Mail-Adresse finden Sie oben im Impressum.<\/p>\n\n\n\n<h3 class=\"wp-block-heading\">Verbraucherstreitbeilegung\/Universalschlichtungsstelle<\/h3>\n\n\n\n<p>Wir sind nicht bereit oder verpflichtet, an Streitbeilegungsverfahren vor einer<br>Verbraucherschlichtungsstelle teilzunehmen.<\/p>\n\n\n\n<p><strong>Impressum <\/strong><em>erstellt durch den Impressum-Generator von <\/em>e-recht24.de<br>Quelle: https:\/\/www.e-recht24.de\/impressum-generator.html<\/p>\n\n\n\n<p>* * * * * * * * * * * * * * * * * * * * * * * * * * * * *<\/p>\n\n\n\n<h3 class=\"wp-block-heading\">Quellenangaben f\u00fcr die verwendeten Bilder und Grafiken:<\/h3>\n\n\n\n<p>Eigenes, privates Bildmaterial &amp; Zeichnungen: \u00a9 Harald Reichle<br>Fotos im Botanischen Garten: Foto Fabry, Andrea Fabry<br>Lachende Kinder, Sprial-Sonne, Stand-Smiley und weitere: Pixabay<\/p>\n\n\n\n<p>****************************************************<\/p>\n\n\n\n<h2 class=\"wp-block-heading\"><strong>DISCLAIMER<\/strong> (<strong>Haftungsausschluss<\/strong>)<\/h2>\n\n\n\n<h3 class=\"wp-block-heading has-medium-font-size\"><em><strong>Haftung f\u00fcr Inhalte<\/strong><\/em><\/h3>\n\n\n\n<p><em>Als Diensteanbieter sind wir f\u00fcr eigene Inhalte auf diesen Seiten nach den allgemeinen Gesetzen verantwortlich. Nach Artikel 8 DSA sind wir als Diensteanbieter jedoch nicht verpflichtet, \u00fcbermittelte oder gespeicherte fremde Informationen zu \u00fcberwachen oder nach Umst\u00e4nden zu forschen, die auf eine rechtswidrige T\u00e4tigkeit hinweisen.<\/em><\/p>\n\n\n\n<p><em>Verpflichtungen zur Entfernung oder Sperrung der Nutzung von Informationen nach den allgemeinen Gesetzen bleiben hiervon unber\u00fchrt. Eine diesbez\u00fcgliche Haftung ist jedoch erst ab dem Zeitpunkt der Kenntnis einer konkreten Rechtsverletzung m\u00f6glich. Bei Bekanntwerden von entsprechenden Rechtsverletzungen werden wir diese Inhalte umgehend entfernen.<\/em><\/p>\n\n\n\n<p><em><strong>Haftung f\u00fcr Links<\/strong><\/em><\/p>\n\n\n\n<p><em>Unser Angebot enth\u00e4lt Links zu externen Websites Dritter, auf deren Inhalte wir keinen Einfluss haben. Deshalb k\u00f6nnen wir f\u00fcr diese fremden Inhalte auch keine Gew\u00e4hr \u00fcbernehmen. F\u00fcr die Inhalte der verlinkten Seiten ist stets der jeweilige Anbieter oder Betreiber der Seiten verantwortlich. Die verlinkten Seiten wurden zum Zeitpunkt der Verlinkung auf m\u00f6gliche Rechtsverst\u00f6\u00dfe \u00fcberpr\u00fcft. Rechtswidrige Inhalte waren zum Zeitpunkt der Verlinkung nicht erkennbar.<\/em><\/p>\n\n\n\n<p><em>Eine permanente inhaltliche Kontrolle der verlinkten Seiten ist jedoch ohne konkrete Anhaltspunkte einer Rechtsverletzung nicht zumutbar. Bei Bekanntwerden von Rechtsverletzungen werden wir derartige Links umgehend entfernen.<\/em><\/p>\n\n\n\n<p><em><strong>Urheberrecht<\/strong><\/em><\/p>\n\n\n\n<p><em>Die durch die Seitenbetreiber erstellten Inhalte und Werke auf diesen Seiten unterliegen dem deutschen Urheberrecht. Die Vervielf\u00e4ltigung, Bearbeitung, Verbreitung und jede Art der Verwertung au\u00dferhalb der Grenzen des Urheberrechtes bed\u00fcrfen der schriftlichen Zustimmung des jeweiligen Autors bzw. Erstellers. Downloads und Kopien dieser Seite sind nur f\u00fcr den privaten, nicht kommerziellen Gebrauch gestattet.<\/em><\/p>\n\n\n\n<p><em>Soweit die Inhalte auf dieser Seite nicht vom Betreiber erstellt wurden, werden die Urheberrechte Dritter beachtet. Insbesondere werden Inhalte Dritter als solche gekennzeichnet. Sollten Sie trotzdem auf eine Urheberrechtsverletzung aufmerksam werden, bitten wir um einen entsprechenden Hinweis. Bei Bekanntwerden von Rechtsverletzungen werden wir derartige Inhalte umgehend entfernen.<\/em><\/p>\n\n\n\n<p>Quelle: eRecht24<\/p>\n\n\n\n<p>****************************************************  <\/p>\n\n\n\n<p>Wenn Sie einen Termin bei mir buchen oder einen Termin best\u00e4tigen, kommt ein Vertrag zustande. Nachfolgend informiere ich Sie \u00fcber das gesetzlich vorgegebene Widerrufsrecht. Wenn Sie Fragen zum Widerrufsrecht haben, nehmen Sie bitte mit mir Kontakt auf.<\/p>\n\n\n\n<h2 class=\"wp-block-heading\"><strong>WIDERRUFSRECHT<\/strong>:<\/h2>\n\n\n\n<p>Sie &nbsp;haben das Recht, binnen vierzehn Tagen ohne Angabe von Gr\u00fcnden diesen &nbsp;Vertrag zu widerrufen. Die Widerrufsfrist betr\u00e4gt vierzehn Tage ab dem &nbsp;Tag des Vertragsabschlusses. Um Ihr Widerrufsrecht auszu\u00fcben, m\u00fcssen Sie &nbsp;mich, <\/p>\n\n\n\n<p>Harald Reichle, Sch\u00f6nfeldstra\u00dfe 1, 76131 Karlsruhe<\/p>\n\n\n\n<figure class=\"wp-block-image size-large is-resized\"><img loading=\"lazy\" decoding=\"async\" width=\"146\" height=\"23\" src=\"https:\/\/haraldreichle.de\/wp-content\/uploads\/2020\/12\/emailBild.png\" alt=\"\" class=\"wp-image-34\" style=\"width:168px;height:26px\"\/><\/figure>\n\n\n\n<p>mittels einer eindeutigen Erkl\u00e4rung (z. B. ein mit der Post versandter &nbsp;Brief oder E-Mail) \u00fcber Ihren Entschluss, diesen Vertrag zu widerrufen, &nbsp;informieren. Sie k\u00f6nnen daf\u00fcr das beigef\u00fcgte Muster-Widerrufsformular &nbsp;verwenden, das jedoch nicht vorgeschrieben ist.<br><br>Zur Wahrung der &nbsp;Widerrufsfrist reicht es aus, dass Sie die Mitteilung \u00fcber die Aus\u00fcbung &nbsp;des Widerrufsrechts vor Ablauf der Widerrufsfrist absenden. <\/p>\n\n\n\n<p><strong>Folgen des &nbsp;Widerrufs: <\/strong>Wenn Sie diesen Vertrag widerrufen, haben ich Ihnen alle &nbsp;Zahlungen, die ich von Ihnen erhalten habe, unverz\u00fcglich und sp\u00e4testens &nbsp;binnen vierzehn Tagen ab dem Tag zur\u00fcckzuzahlen, an dem die Mitteilung &nbsp;\u00fcber Ihren Widerruf dieses Vertrags bei mir eingegangen ist.<br>F\u00fcr &nbsp;diese R\u00fcckzahlung verwende ich das selbe Zahlungsmittel, das Sie bei der &nbsp;urspr\u00fcnglichen Transaktion eingesetzt haben, es sei denn, mit Ihnen &nbsp;wurde ausdr\u00fccklich etwas anderes vereinbart; in keinem Fall werden Ihnen &nbsp;wegen dieser R\u00fcckzahlung Entgelte berechnet. Haben Sie verlangt, dass &nbsp;die Dienstleistung w\u00e4hrend der Widerrufsfrist beginnen soll, so haben &nbsp;Sie mir einen angemessenen Betrag zu zahlen, der dem Anteil der bis zu &nbsp;dem Zeitpunkt, zu dem Sie mir von der Aus\u00fcbung des Widerrufsrechts &nbsp;hinsichtlich dieses Vertrags unterrichten, bereits erbrachten &nbsp;Dienstleistungen im Vergleich zum Gesamtumfang der im Vertrag &nbsp;vorgesehenen Dienstleistungen entspricht. &nbsp;<\/p>\n\n\n\n<p><strong>Muster-Widerrufsformular <\/strong>&nbsp;(Wenn Sie den Vertrag widerrufen wollen, dann f\u00fcllen Sie bitte dieses &nbsp;Formular aus und senden Sie es zur\u00fcck.)<br><br>An:<strong> <\/strong>Harald Reichle, Sch\u00f6nfeldstra\u00dfe 1, 76131 Karlsruhe <\/p>\n\n\n\n<p>Hiermit widerrufe(n) ich\/wir (*) den von mir\/uns (*) abgeschlossenen Vertrag \u00fcber<br><br>O den Kauf der folgenden Waren (*)\/die Erbringung der folgenden Dienstleistung (*)<br>O Bestellt am (*)\/erhalten am (*)<br>O Name des\/der Verbraucher(s)<br>O Anschrift des\/der Verbraucher(s)<br>O Unterschrift des\/der Verbraucher(s) (nur bei Mitteilung auf Papier)<br>O Datum &nbsp;<\/p>\n\n\n\n<p>(*) Unzutreffendes streichen. &nbsp;<\/p>\n","protected":false},"excerpt":{"rendered":"<p>IMPRESSUM Angaben gem\u00e4\u00df \u00a7 5 DGG Harald Reichle &#8211; Vitaltherapeut \u00ae Kontakt kontakt@haraldreichleENTFERNEN.de Umsatzsteuer-ID Umsatzsteuer-Identifikationsnummer gem\u00e4\u00df \u00a7 27 a Umsatzsteuergesetz:DE 93 846 175 005 &#8211; gem\u00e4\u00df \u00a719 Abs.1 UStG von der Umsatzsteuer befreit Aufsichtsbeh\u00f6rde: Gewerbeamt Karlsruhe Angaben zur Berufshaftpflichtversicherung Name und Sitz des Versicherers:Ostangler Brandgilde VVaGFlensburger Stra\u00dfe 524376 Kappeln www.ostangler.de Geltungsraum der Versicherung: Deutschland Redaktionell&hellip;&nbsp;<a href=\"https:\/\/haraldreichle.de\/index.php\/impressum-disclaimer-widerrufsbelehrung\/\" rel=\"bookmark\">Weiterlesen &raquo;<span class=\"screen-reader-text\">Impressum Disclaimer<\/span><\/a><\/p>\n","protected":false},"author":2,"featured_media":0,"parent":0,"menu_order":0,"comment_status":"closed","ping_status":"closed","template":"","meta":{"neve_meta_sidebar":"","neve_meta_container":"","neve_meta_enable_content_width":"","neve_meta_content_width":0,"neve_meta_title_alignment":"","neve_meta_author_avatar":"","neve_post_elements_order":"","neve_meta_disable_header":"","neve_meta_disable_footer":"","neve_meta_disable_title":"","footnotes":""},"class_list":["post-10","page","type-page","status-publish","hentry"],"_links":{"self":[{"href":"https:\/\/haraldreichle.de\/index.php\/wp-json\/wp\/v2\/pages\/10","targetHints":{"allow":["GET"]}}],"collection":[{"href":"https:\/\/haraldreichle.de\/index.php\/wp-json\/wp\/v2\/pages"}],"about":[{"href":"https:\/\/haraldreichle.de\/index.php\/wp-json\/wp\/v2\/types\/page"}],"author":[{"embeddable":true,"href":"https:\/\/haraldreichle.de\/index.php\/wp-json\/wp\/v2\/users\/2"}],"replies":[{"embeddable":true,"href":"https:\/\/haraldreichle.de\/index.php\/wp-json\/wp\/v2\/comments?post=10"}],"version-history":[{"count":15,"href":"https:\/\/haraldreichle.de\/index.php\/wp-json\/wp\/v2\/pages\/10\/revisions"}],"predecessor-version":[{"id":1475,"href":"https:\/\/haraldreichle.de\/index.php\/wp-json\/wp\/v2\/pages\/10\/revisions\/1475"}],"wp:attachment":[{"href":"https:\/\/haraldreichle.de\/index.php\/wp-json\/wp\/v2\/media?parent=10"}],"curies":[{"name":"wp","href":"https:\/\/api.w.org\/{rel}","templated":true}]}}