{"id":8,"date":"2020-04-29T19:45:48","date_gmt":"2020-04-29T19:45:48","guid":{"rendered":"https:\/\/lachyoga-in-karlsruhe.de\/?page_id=7"},"modified":"2025-06-16T14:47:07","modified_gmt":"2025-06-16T14:47:07","slug":"ueber-mich","status":"publish","type":"page","link":"https:\/\/haraldreichle.de\/index.php\/ueber-mich\/","title":{"rendered":"\u00dcber mich"},"content":{"rendered":"<div class=\"wp-block-image\">\n<figure class=\"aligncenter size-full is-resized\"><img loading=\"lazy\" decoding=\"async\" width=\"736\" height=\"919\" src=\"https:\/\/haraldreichle.de\/wp-content\/uploads\/2024\/09\/Harald-Reichle-1.jpg\" alt=\"\" class=\"wp-image-1458\" style=\"width:304px;height:auto\" srcset=\"https:\/\/haraldreichle.de\/wp-content\/uploads\/2024\/09\/Harald-Reichle-1.jpg 736w, https:\/\/haraldreichle.de\/wp-content\/uploads\/2024\/09\/Harald-Reichle-1-240x300.jpg 240w\" sizes=\"auto, (max-width: 736px) 100vw, 736px\" \/><\/figure>\n<\/div>\n\n\n<p class=\"has-text-align-center has-nv-dark-bg-color has-text-color\" style=\"font-size:24px\"><br><mark style=\"background-color:rgba(0, 0, 0, 0);color:#f2905c\" class=\"has-inline-color\"><strong>Ressourcen- und l\u00f6sungsorientierter &#8211; kreativer Br\u00fcckenbauer.<\/strong><\/mark><br><mark style=\"background-color:rgba(0, 0, 0, 0);color:#f2905c\" class=\"has-inline-color\"><strong>Leidenschaftlicher Leiden-abschaffer.<\/strong><br><strong>Breitwurzler mit Tiefgang <\/strong>sowie<br><strong>feinf\u00fchliger, facetten-reicher<\/strong><br><strong>Mensch mit Herz und Humor.<\/strong><\/mark><\/p>\n\n\n\n<p class=\"has-text-align-center has-nv-dark-bg-color has-text-color\" style=\"font-size:27px\"> * * *<\/p>\n\n\n\n<p><\/p>\n\n\n\n<p class=\"has-text-align-center has-neve-link-color-color has-text-color\" style=\"font-size:31px\"><strong>Hoffnungsvoller &#8211; kritischer<\/strong> <strong> Opti-MIST<\/strong>.<\/p>\n\n\n\n<p class=\"has-text-align-center has-neve-link-color-color has-text-color\" style=\"font-size:27px\"><mark style=\"background-color:rgba(0, 0, 0, 0)\" class=\"has-inline-color has-nv-dark-bg-color\"><em><strong>Mein Motto ist: <\/strong><\/em><\/mark><br><strong>&#8222;Aus der G\u00fclle* in die F\u00fclle!&#8220; &lt;3<\/strong><\/p>\n\n\n\n<p class=\"has-text-align-center\"><strong>*Die dunkle Macht<\/strong>, die einem (manchmal) zu schaffen macht&#8230;<br><strong>den &#8222;Fluch&#8220; <\/strong>-geerbtes &#8222;Gen&#8220; oder seelisch erlebtes <strong>als Segen zu sehen.<\/strong><br>An-erkennen, an-nehmen, damit um-gehen lernen und f\u00fcr sich und andere an-genehm <br> an &#8211; wenden     <strong>sprich dunkles in Licht-volles fair-wandeln.<\/strong><\/p>\n\n\n\n<p class=\"has-text-align-center has-nv-dark-bg-color has-text-color\" style=\"font-size:24px\"> * * *<\/p>\n\n\n\n<p class=\"has-text-align-center has-neve-link-hover-color-color has-text-color\" style=\"font-size:27px\"><\/p>\n\n\n\n<p class=\"has-text-align-center has-neve-link-color-color has-text-color\" style=\"font-size:31px\">&#8222;<strong>Ich liebe es Leichtigkeit und Lachen ins Leben zu bringen<\/strong>&#8222;<\/p>\n\n\n\n<p class=\"has-text-align-center has-neve-link-hover-color-color has-text-color\" style=\"font-size:24px\"><br><em><mark style=\"background-color:rgba(0, 0, 0, 0)\" class=\"has-inline-color has-nv-dark-bg-color\"><strong>Was mich antreibt? <\/strong><\/mark><\/em><br><br>Allge- \/ meine \/ Deine <strong> Unzu-frieden-heit<\/strong>,<br>dadurch immer wieder<strong> spielerische Neu-Gier<\/strong><br>gepaart mit &#8222;b\u00f6se&#8220; Ent- und &#8222;gute&#8220; <br>* <strong>Be-Geister-ungsf\u00e4higkeit<\/strong>. * \ud83d\ude42<\/p>\n\n\n<div class=\"wp-block-image\">\n<figure class=\"aligncenter size-large is-resized\"><img loading=\"lazy\" decoding=\"async\" width=\"1024\" height=\"682\" src=\"https:\/\/haraldreichle.de\/wp-content\/uploads\/2024\/09\/photo_2024-09-16_12-36-30-1024x682.jpg\" alt=\"\" class=\"wp-image-1456\" style=\"width:383px;height:auto\" srcset=\"https:\/\/haraldreichle.de\/wp-content\/uploads\/2024\/09\/photo_2024-09-16_12-36-30-1024x682.jpg 1024w, https:\/\/haraldreichle.de\/wp-content\/uploads\/2024\/09\/photo_2024-09-16_12-36-30-300x200.jpg 300w, https:\/\/haraldreichle.de\/wp-content\/uploads\/2024\/09\/photo_2024-09-16_12-36-30-768x512.jpg 768w, https:\/\/haraldreichle.de\/wp-content\/uploads\/2024\/09\/photo_2024-09-16_12-36-30-930x620.jpg 930w, https:\/\/haraldreichle.de\/wp-content\/uploads\/2024\/09\/photo_2024-09-16_12-36-30.jpg 1280w\" sizes=\"auto, (max-width: 1024px) 100vw, 1024px\" \/><\/figure>\n<\/div>\n\n\n<p class=\"has-text-align-center has-neve-link-hover-color-color has-text-color\" style=\"font-size:24px\"><br><br><strong>&#8222;Sch\u00f6ner Schmerz&#8220;<\/strong><br>Wenn man\/Frau\/Mensch sich \u00fcberWunden hat<br> \u00fcber den eigenen <strong>Schatten <\/strong>zu springen<br>ihn von der anderen Seite anzusehen, anzugehen <strong>und<\/strong> anzunehmen.<br><strong>&#8222;Schwerer Themen&#8220; sich in leichte, <\/strong><br><strong>fried-, freud- und kraft-volle<\/strong><br><strong> Energie fair-wandelt.<\/strong><br>* <strong>End<\/strong>(e der Enge-)<strong>Spannung<\/strong> &#8211; <strong>innerer Friede sich ent-faltet <\/strong>*<\/p>\n\n\n\n<p class=\"has-text-align-center has-neve-link-hover-color-color has-text-color\" style=\"font-size:27px\">*<\/p>\n\n\n\n<p class=\"has-text-align-center has-neve-link-color-color has-text-color\" style=\"font-size:24px\"><strong>Demut<\/strong>:<\/p>\n\n\n<div class=\"wp-block-image\">\n<figure class=\"aligncenter size-large is-resized\"><img loading=\"lazy\" decoding=\"async\" width=\"682\" height=\"1024\" src=\"https:\/\/haraldreichle.de\/wp-content\/uploads\/2024\/09\/photo_2024-09-16_12-36-34-682x1024.jpg\" alt=\"\" class=\"wp-image-1457\" style=\"width:226px;height:auto\" srcset=\"https:\/\/haraldreichle.de\/wp-content\/uploads\/2024\/09\/photo_2024-09-16_12-36-34-682x1024.jpg 682w, https:\/\/haraldreichle.de\/wp-content\/uploads\/2024\/09\/photo_2024-09-16_12-36-34-200x300.jpg 200w, https:\/\/haraldreichle.de\/wp-content\/uploads\/2024\/09\/photo_2024-09-16_12-36-34-768x1152.jpg 768w, https:\/\/haraldreichle.de\/wp-content\/uploads\/2024\/09\/photo_2024-09-16_12-36-34.jpg 853w\" sizes=\"auto, (max-width: 682px) 100vw, 682px\" \/><\/figure>\n<\/div>\n\n\n<p class=\"has-text-align-center has-neve-link-color-color has-text-color\" style=\"font-size:24px\"><br> Diese <strong>Wandlungsf\u00e4higkeit<\/strong> begleiten und er-leben zu d\u00fcrfen.<br>*<br><strong>Dankbarkeit und friedvolle Freude:<\/strong><br><strong>Die &#8222;alte, verletzte, verwundete&#8220; <\/strong><br><strong>als auch<\/strong><br><strong> die &#8222;wunder-volle neu-geborene&#8220;<\/strong><br><strong>beide!<\/strong> <strong>Seiten <mark style=\"background-color:rgba(0, 0, 0, 0);color:#f2905c\" class=\"has-inline-color\">herzlich willkommen<\/mark> hei\u00dfen.<\/strong><br><br> * * *<br>Sich sowohl in den Allg\u00e4uer Bergen als auch in der Stadt oder wo auch immer heimisch f\u00fchlen \ud83d\ude42<\/p>\n\n\n\n<div class=\"wp-block-columns is-layout-flex wp-container-core-columns-is-layout-9d6595d7 wp-block-columns-is-layout-flex\">\n<div class=\"wp-block-column is-layout-flow wp-block-column-is-layout-flow\" style=\"flex-basis:50%\"><div class=\"wp-block-image\">\n<figure class=\"aligncenter size-full is-resized\"><img loading=\"lazy\" decoding=\"async\" width=\"444\" height=\"333\" src=\"https:\/\/haraldreichle.de\/wp-content\/uploads\/2025\/04\/17441334187030-Kleiner2.jpg\" alt=\"\" class=\"wp-image-1603\" style=\"width:405px;height:auto\" srcset=\"https:\/\/haraldreichle.de\/wp-content\/uploads\/2025\/04\/17441334187030-Kleiner2.jpg 444w, https:\/\/haraldreichle.de\/wp-content\/uploads\/2025\/04\/17441334187030-Kleiner2-300x225.jpg 300w\" sizes=\"auto, (max-width: 444px) 100vw, 444px\" \/><\/figure>\n<\/div><\/div>\n\n\n\n<div class=\"wp-block-column is-layout-flow wp-block-column-is-layout-flow\" style=\"flex-basis:50%\">\n<figure class=\"wp-block-image size-full is-resized\"><img loading=\"lazy\" decoding=\"async\" width=\"444\" height=\"250\" src=\"https:\/\/haraldreichle.de\/wp-content\/uploads\/2025\/04\/Design-ohne-Titel2-Kleiner2.png\" alt=\"\" class=\"wp-image-1602\" style=\"width:542px;height:auto\" srcset=\"https:\/\/haraldreichle.de\/wp-content\/uploads\/2025\/04\/Design-ohne-Titel2-Kleiner2.png 444w, https:\/\/haraldreichle.de\/wp-content\/uploads\/2025\/04\/Design-ohne-Titel2-Kleiner2-300x169.png 300w\" sizes=\"auto, (max-width: 444px) 100vw, 444px\" \/><\/figure>\n<\/div>\n<\/div>\n\n\n\n<div class=\"wp-block-group\"><div class=\"wp-block-group__inner-container is-layout-flow wp-block-group-is-layout-flow\">\n<figure class=\"wp-block-gallery aligncenter has-nested-images columns-default is-cropped wp-block-gallery-1 is-layout-flex wp-block-gallery-is-layout-flex\">\n<figure class=\"wp-block-image size-large\"><img loading=\"lazy\" decoding=\"async\" width=\"738\" height=\"480\" data-id=\"415\" src=\"https:\/\/haraldreichle.de\/wp-content\/uploads\/2021\/03\/HaraldReichle.de_Fruehling_BotanischerGarten_KA_05.jpg\" alt=\"\" class=\"wp-image-415\" srcset=\"https:\/\/haraldreichle.de\/wp-content\/uploads\/2021\/03\/HaraldReichle.de_Fruehling_BotanischerGarten_KA_05.jpg 738w, https:\/\/haraldreichle.de\/wp-content\/uploads\/2021\/03\/HaraldReichle.de_Fruehling_BotanischerGarten_KA_05-300x195.jpg 300w\" sizes=\"auto, (max-width: 738px) 100vw, 738px\" \/><\/figure>\n\n\n\n<figure class=\"wp-block-image size-large\"><img loading=\"lazy\" decoding=\"async\" width=\"738\" height=\"480\" data-id=\"412\" src=\"https:\/\/haraldreichle.de\/wp-content\/uploads\/2021\/03\/HaraldReichle.de_Fruehling_BotanischerGarten_KA_08.jpg\" alt=\"\" class=\"wp-image-412\" srcset=\"https:\/\/haraldreichle.de\/wp-content\/uploads\/2021\/03\/HaraldReichle.de_Fruehling_BotanischerGarten_KA_08.jpg 738w, https:\/\/haraldreichle.de\/wp-content\/uploads\/2021\/03\/HaraldReichle.de_Fruehling_BotanischerGarten_KA_08-300x195.jpg 300w\" sizes=\"auto, (max-width: 738px) 100vw, 738px\" \/><\/figure>\n\n\n\n<figure class=\"wp-block-image size-large\"><img loading=\"lazy\" decoding=\"async\" width=\"854\" height=\"444\" data-id=\"413\" src=\"https:\/\/haraldreichle.de\/wp-content\/uploads\/2021\/03\/HaraldReichle.de_Fruehling_BotanischerGarten_KA_09.jpg\" alt=\"\" class=\"wp-image-413\" srcset=\"https:\/\/haraldreichle.de\/wp-content\/uploads\/2021\/03\/HaraldReichle.de_Fruehling_BotanischerGarten_KA_09.jpg 854w, https:\/\/haraldreichle.de\/wp-content\/uploads\/2021\/03\/HaraldReichle.de_Fruehling_BotanischerGarten_KA_09-300x156.jpg 300w, https:\/\/haraldreichle.de\/wp-content\/uploads\/2021\/03\/HaraldReichle.de_Fruehling_BotanischerGarten_KA_09-768x399.jpg 768w\" sizes=\"auto, (max-width: 854px) 100vw, 854px\" \/><\/figure>\n\n\n\n<figure class=\"wp-block-image size-large\"><img loading=\"lazy\" decoding=\"async\" width=\"621\" height=\"480\" data-id=\"411\" src=\"https:\/\/haraldreichle.de\/wp-content\/uploads\/2021\/03\/HaraldReichle.de_Fruehling_BotanischerGarten_KA_01.png\" alt=\"\" class=\"wp-image-411\" srcset=\"https:\/\/haraldreichle.de\/wp-content\/uploads\/2021\/03\/HaraldReichle.de_Fruehling_BotanischerGarten_KA_01.png 621w, https:\/\/haraldreichle.de\/wp-content\/uploads\/2021\/03\/HaraldReichle.de_Fruehling_BotanischerGarten_KA_01-300x232.png 300w\" sizes=\"auto, (max-width: 621px) 100vw, 621px\" \/><\/figure>\n\n\n\n<figure class=\"wp-block-image size-large\"><img loading=\"lazy\" decoding=\"async\" width=\"538\" height=\"480\" data-id=\"414\" src=\"https:\/\/haraldreichle.de\/wp-content\/uploads\/2021\/03\/HaraldReichle.de_Fruehling_BotanischerGarten_KA_12.jpg\" alt=\"\" class=\"wp-image-414\" srcset=\"https:\/\/haraldreichle.de\/wp-content\/uploads\/2021\/03\/HaraldReichle.de_Fruehling_BotanischerGarten_KA_12.jpg 538w, https:\/\/haraldreichle.de\/wp-content\/uploads\/2021\/03\/HaraldReichle.de_Fruehling_BotanischerGarten_KA_12-300x268.jpg 300w\" sizes=\"auto, (max-width: 538px) 100vw, 538px\" \/><\/figure>\n<\/figure>\n<\/div><\/div>\n\n\n\n<p class=\"has-text-align-left has-text-color\" style=\"color:#f2905c;font-size:24px\"><br><\/p>\n\n\n\n<p class=\"has-large-font-size\"><strong>Stationen meiner bereichernden Reisen im Au\u00dfen und Innen:&nbsp;<\/strong><\/p>\n\n\n\n<p class=\"has-medium-font-size\"><strong>1972 im Sommer geboren und aufgewachsen dem kleinen Dorf Urlau im wundersch\u00f6nen Allg\u00e4u.&nbsp;<\/strong><br><strong>Nach mehreren Zwischen-Stationen lebe und wirke ich seit 2008 nun in meiner derzeitigen Wunschwahlstadt Karlsruhe.<\/strong><\/p>\n\n\n\n<p class=\"has-medium-font-size\"><strong>Ein Leben mit zahlreichen Gegenpolen z.B.<\/strong><\/p>\n\n\n\n<ul class=\"wp-block-list has-small-font-size\">\n<li>Meine Eltern, die u.a.&nbsp;als&nbsp;Stadt- und Landkind mit katholischem und evangelischem Hintergrund&nbsp;aufgewachsen sind&nbsp; &#8230; pr\u00e4gten mich als friedvollen, <strong>inzwischen religionsfreien spirituellen Mensch, der immer wieder das sowohl-als-auch und somit&nbsp;neue Wege &#8211;&nbsp; sucht und findet.&nbsp;<\/strong><\/li>\n\n\n\n<li>Mit 18 Jahren die schmerz- und leidvolle Seite vom <strong>Tod <\/strong>erfahren &#8211; heute gelingt es mir immer wieder, <strong>in dieses weiterhin tabuisierte&nbsp;Thema <u>auch<\/u> Leichtigkeit, Hoffnung zu bringen, die die Angst davor \u00fcberwindet.<\/strong><\/li>\n\n\n\n<li>Jugend-Freunde gaben mir den Beinamen &#8222;Harald der Unzufriedene&#8220; &#8211; <strong>heute bin ich dankbar, meist lachend und lebensfroh unterwegs.<\/strong><\/li>\n\n\n\n<li>Scham-besetzte, oft auch frustrierende <strong>Sexualit\u00e4t <\/strong>\u00fcber einige Jahre &#8211;&nbsp; wandelte sich in Steiges<strong>&nbsp;lernen wie erleichternd-heilend u.a. mit-teilen\/sich zeigen sein kann &#8211; wie wundervoll-zaubersch\u00f6n genussvoll Intimit\u00e4t ist und sich immer wieder weitere faszinierende T\u00fcren in diesem&nbsp;Bereich \u00f6ffnen<\/strong><\/li>\n\n\n\n<li>Dank einer weiteren, tiefen Lebenskrise durfte ich 2010 auf ein &#8222;anderes Leben und lebendig-sein&#8220;<strong> mit Methoden jenseits&nbsp;des Verstandes&nbsp;blicken. <\/strong>Mit anfangs schwerem, Energie-raubendem Schritt f\u00fcr Schritt konnte ich bereits <strong>vieles ent-decken, transformieren, erforschen und bin weiterhin mit mehr Geduld und Leichtigkeit dabei.<\/strong><br>Seither kann ich u.a. auch in einem&nbsp;empfundenem&nbsp;<strong>\u201eFluch\u201c einen Segen sehen. <\/strong><br>Gerne bald mehr Bereiche &#8211;&nbsp; in denen mir eine&nbsp;<strong>180 Grad-Drehung<\/strong>&nbsp;erm\u00f6glicht wurde und! ich dabei meine&nbsp;<strong>Werte beibehalten<\/strong>&nbsp;konnte &#8211; ein&nbsp;<strong>erf\u00fclltes Leben<\/strong>&nbsp;mich seither bereichert.<\/li>\n<\/ul>\n\n\n\n<p class=\"has-medium-font-size\"><strong>Stetige NeuGier auf ein angenehmeres Leben und auf das &#8222;Mehr&#8220; hinter vermeintlichen Grenzen oder \u00c4ngsten entdecken war\/ist dabei meine gr\u00f6\u00dfte Antriebs-Feder.<\/strong><\/p>\n\n\n\n<p class=\"has-medium-font-size\">Bin bei mir&nbsp;<strong>angekommen,<\/strong> sehe es als ein Geschenk, meine Gaben, F\u00e4higkeiten, Fertigkeiten &#8230;<br><em>nun<\/em><strong> liebevoll, authentisch und zielf\u00fchrend <\/strong><em>f\u00fcr<\/em> mich als auch f\u00fcr andere an-zu-wenden.<\/p>\n\n\n\n<p class=\"has-neve-link-hover-color-color has-text-color\" style=\"font-size:24px\">Wenn Dich etwas interessiert nimm gerne<a href=\"https:\/\/haraldreichle.de\/#gerne\" data-type=\"URL\" data-id=\"https:\/\/haraldreichle.de\/#gerne\"> <em>Kontakt<\/em><\/a><em><a href=\"#gerne\" data-type=\"internal\" data-id=\"#gerne\"> <\/a><\/em>mit mir auf &#8211; ich freu\u00b4 mich auf Dich.<\/p>\n\n\n\n<p><\/p>\n\n\n\n<p><\/p>\n\n\n\n<p class=\"has-large-font-size\">Vita und Qualifikationen<\/p>\n\n\n\n<p class=\"has-medium-font-size\"><a><\/a> <em><strong>Berufliche Erfahrungen <\/strong><strong>im <\/strong><strong>s<\/strong><strong>ozial<\/strong><strong>en Bereich<\/strong><\/em><\/p>\n\n\n\n<p><strong>Seit 2000 als Sozialarbeiter, Sozialp\u00e4dagoge, p\u00e4dagogische Fachkraft t\u00e4tig u.a.<\/strong><\/p>\n\n\n\n<ul class=\"wp-block-list\">\n<li class=\"has-small-font-size\">Seit 2019 in verschiedenen Ma\u00dfnahmen der DAA GmbH, Karlsruhe<br>mehrmonatige Einzelcoachings mit z.B. Erarbeitung von (oft gesundheitlichen) pers\u00f6nlichen und beruflichen Optionen, Gruppenangebote f\u00fcr u.a. Menschen mit Migrationshintergrund u.v.m.<\/li>\n\n\n\n<li class=\"has-small-font-size\">1 Jahr Begleiter f\u00fcr 10 Kleinkinder von 1bis 3 Jahre in der Kinderkrippe der FASKA e.V.<br>bed\u00fcrfnisorientierte Begleitung und F\u00f6rderung nach Montessori, Wild und Pikler &#8211; Pflege und F\u00fcrsorge der Kinder u.v.m.<\/li>\n\n\n\n<li class=\"has-small-font-size\">9 Jahre bei pro familia e.V. Karlsruhe<br>Sexualp\u00e4dagogische Aufkl\u00e4rungs- \/ Pr\u00e4ventionsarbeit f\u00fcr Schulklassen und Gruppen, Sprechstunde und Beratung, Entwurf und Durchf\u00fchrung von Fortbildungsangeboten, Workshops, Vortr\u00e4gen \u2026 f\u00fcr Eltern, Multiplikatoren, Fachkr\u00e4fte u.v.m.<\/li>\n\n\n\n<li class=\"has-small-font-size\">7,5 Jahre bei der Lebenshilfe im Kreis Rottweil gGmbH<br>Aufbau ambulantes Wohnen (ABW &amp; BWF) \/ sp\u00e4ter Sozialdienst WfbM und Wohnheim, Organisation der arbeitsbegleitenden Ma\u00dfnahmen u.v.m.<\/li>\n<\/ul>\n\n\n\n<p class=\"has-medium-font-size\"><strong>Akademische Laufbahn<\/strong><\/p>\n\n\n\n<p class=\"has-small-font-size\">1999 Abschluss: <strong>Diplom Sozialarbeiter (FH)<\/strong>, an der Fachhochschule-Weingarten (Praktikum u.a. im U-Haft-Gef\u00e4ngnis)<br>1994 Abschluss: Fachhochschulreife, BKFH Weingarten<br>1992 Ausbildungsabschluss <strong>Industriekaufmann<\/strong> bei Gardinia in Isny &#8211; anschlie\u00dfen im Einkauf t\u00e4tig<br>&#8230; davor Wirtschaftsschule, Hauptschule<\/p>\n\n\n\n<p class=\"has-medium-font-size\"><strong>Freiberufliche Neben-T\u00e4tigkeiten u.a.<\/strong><\/p>\n\n\n\n<p class=\"has-small-font-size\">01\/2020 \u2013 jetzt <strong>Pers\u00f6nlichkeitsentfaltung<\/strong><br>ganzheitliche Lebensbegleitung \u2217 Energie- und Aufstellungsarbeit \u2217 Gef\u00fchlsbegleitung * Coaching * Seminare \u2026 Mitinitiation, Orga und Durchf\u00fchrung von \u201eFrau-Mann-Heilungs KraftKreise\u201c<\/p>\n\n\n\n<p class=\"has-small-font-size\">05\/2013 \u2013 jetzt <strong>Lachyoga<\/strong><br>Kursangebote \u2217 Infoveranstaltungen * Betriebliche Gesundheitsf\u00f6rderung &#8230; Mitinitiator \/ -organisator des Weltlachtages in Karlsruhe<br><br>davor Werbeakquise f\u00fcr eine Zeitschrift zum internationaler Kindertag<\/p>\n\n\n\n<p class=\"has-medium-font-size\"><strong>Aus- und Weiterbildungen<\/strong><\/p>\n\n\n\n<p class=\"has-small-font-size\">2017 \u2013 2019 <strong>Ausbildungen der Spirituellen Schule Stefan Bratzel, Rastatt<\/strong>:<br>* 2018-2019 <strong>Vital-Therapeut\u00ae<\/strong> bei Ina Gutsch<br>* 2017-2019 <strong>Ganzheitlicher Wegbegleiter<\/strong><br>* 2018 <strong>psychologisch-medialer Aufstellungsleiter <\/strong>mit erg\u00e4nzenden Zusatzmodulen<br>* derzeit 5 <strong>Ur-Matrix\u00ae<\/strong> Seminare (Quantenheilung)<br><br>2011 <strong>Lachyoga-Leiter<\/strong> (CLYL) &#8211; bei Lachyoga-Master-Trainer Egbert Griebeling, G\u00f6ttingen<br>2008 &#8211; 2010 <strong>Sexualp\u00e4dagoge<\/strong> &#8211; Grundlagen sexualp\u00e4dagogischer Arbeit bei pro familia Bundesverband<\/p>\n\n\n\n<p class=\"has-small-font-size\"><strong>Sowie unz\u00e4hlige Seminare, Workshops, Infoabende ..<\/strong>.<br><br>z.B. Fortbildungen u.a. Grundlagen Systemisches Coaching, St\u00e4rken Kompetenzen Profiling, Umsetzung von Coaching Methoden in der virtuellen Welt, Soul-Coaching, \u2026.<\/p>\n\n\n\n<p class=\"has-small-font-size\"><strong>Weitere Einblicke in meine Selbsterfahrung &#8230;<\/strong><br>\u201eHeldenreise\u201c, \u201eDer Schatten\u201c &amp; \u201eLockstoff\u201c bei Irgendwie Anders e.V * Adula-Klinik * Holotropes Atmen * Bonding * AUM * M\u00e4nner &#8211; Gruppen\/Workshops\/Seminar * Forschungsgruppe Frauen-M\u00e4nner-Heilungskreis * Tantra-Seminare * Schwitzh\u00fctten * Zivilcourage und Vertiefungstraining * Wut-Seminar * Krav Maga-Selbstverteidigung-Kurs * Impro-Theater-Seminar * Clownseminar * 2x Halbmarathonlauf * 10in2 Intervallfasten * Pilgern &#8211; zu Fu\u00df insgesamt \u00fcber 700 KM * schamanische und vielen Back-Packer- oder H\u00e4ngematten-Reisen &#8230;<br>weiterhin inspiriert u.a. von The Work, Radikale Vergebung, Ehrliches Mitteilen und unz\u00e4hligen B\u00fcchern\u2026 u.v.a. <br>und immer wieder Tanzen (5-Rhythmen, Liebe Tanzen, Contact Improvisation, Blind-Dance &#8230;)<\/p>\n\n\n\n<div class=\"wp-block-group is-nowrap is-layout-flex wp-container-core-group-is-layout-ad2f72ca wp-block-group-is-layout-flex\"><\/div>\n\n\n\n\n\n<p><\/p>\n\n\n\n<p class=\"has-text-align-center\" style=\"font-size:35px\"><strong>Harald Aris Reichle<\/strong> <img loading=\"lazy\" decoding=\"async\" width=\"250\" height=\"98\" class=\"wp-image-385\" style=\"width: 250px;\" src=\"https:\/\/haraldreichle.de\/wp-content\/uploads\/2021\/03\/Logo-Vitaltherapeut-RGB-72dpi.jpg\" alt=\"\" srcset=\"https:\/\/haraldreichle.de\/wp-content\/uploads\/2021\/03\/Logo-Vitaltherapeut-RGB-72dpi.jpg 624w, https:\/\/haraldreichle.de\/wp-content\/uploads\/2021\/03\/Logo-Vitaltherapeut-RGB-72dpi-300x117.jpg 300w\" sizes=\"auto, (max-width: 250px) 100vw, 250px\" \/><\/p>\n\n\n\n<p class=\"has-text-align-center\" style=\"font-size:18px\"><strong>Vital-Therapeut<sup>\u00ae<\/sup><br>Ganzheitlicher Wegbegleiter<br>Psychologisch-Medialer Aufstellungsleiter<br>Ur-Matrix<sup>\u00ae<\/sup>Energiearbeit * Lachyoga-Leiter (CLYL)<br>Dipl. Sozialarbeiter (FH) * Sexualp\u00e4dagoge * Industriekaufmann<\/strong><br>*<br><strong>Ganzheitliche Wegbegleitung * Energie-, Gef\u00fchls-, K\u00f6rper- und Aufstellungsarbeit<br>Coaching * Pers\u00f6nlichkeitsentwicklung * Lachyoga<\/strong><br><em>vieles auch via Telefon \/ Video m\u00f6glich \u2013 Energie kennt keine Grenzen <\/em>&lt;3<\/p>\n\n\n\n<div class=\"wp-block-columns is-layout-flex wp-container-core-columns-is-layout-9d6595d7 wp-block-columns-is-layout-flex\">\n<div class=\"wp-block-column is-layout-flow wp-block-column-is-layout-flow\" style=\"flex-basis:100%\"><\/div>\n<\/div>\n\n\n\n<p class=\"has-text-align-center\" style=\"font-size:12px\"><\/p>\n\n\n\n<p class=\"has-text-align-center has-nv-site-bg-color has-text-color has-link-color wp-elements-e92f2798fcb912a7ed3aaa20a0b72526\" style=\"font-size:12px\">#Vital-Therapeut\u00ae ##Vitaltherapeut #Ganzheitliche-Wegbegleitung&nbsp;#TransFormation #Aufstellungsarbeit #Aufstellung #Gef\u00fchlsbegleitung #K\u00f6rperarbeit #Energiearbeit #Ur-Matrix\u00ae  #Lichtarbeit #Pers\u00f6nlichkeitsentwicklung #Lachyoga&nbsp;#Lach-yoga #Coaching<br>#wohlf\u00fchlen #relaxen #Entspannung&nbsp; #Hochsensibel&nbsp;#Gelassenheit #Seelebaumelnlassen #Herz&amp;Seele #Balance #K\u00f6rperGeistSeele&nbsp; #InnereStimmeh\u00f6ren #Impulse #Herzensweg<br>&nbsp;#Gl\u00fcck #Lebensfreude #Leichtigkeit #Gesundheit&nbsp; #Gef\u00fchl #MitGef\u00fchl #Karlsruhe<\/p>\n","protected":false},"excerpt":{"rendered":"<p>Ressourcen- und l\u00f6sungsorientierter &#8211; kreativer Br\u00fcckenbauer.Leidenschaftlicher Leiden-abschaffer.Breitwurzler mit Tiefgang sowiefeinf\u00fchliger, facetten-reicherMensch mit Herz und Humor. * * * Hoffnungsvoller &#8211; kritischer Opti-MIST. Mein Motto ist: &#8222;Aus der G\u00fclle* in die F\u00fclle!&#8220; &lt;3 *Die dunkle Macht, die einem (manchmal) zu schaffen macht&#8230;den &#8222;Fluch&#8220; -geerbtes &#8222;Gen&#8220; oder seelisch erlebtes als Segen zu sehen.An-erkennen, an-nehmen, damit um-gehen lernen&hellip;&nbsp;<a href=\"https:\/\/haraldreichle.de\/index.php\/ueber-mich\/\" rel=\"bookmark\">Weiterlesen &raquo;<span class=\"screen-reader-text\">\u00dcber mich<\/span><\/a><\/p>\n","protected":false},"author":2,"featured_media":0,"parent":0,"menu_order":0,"comment_status":"closed","ping_status":"closed","template":"","meta":{"neve_meta_sidebar":"","neve_meta_container":"","neve_meta_enable_content_width":"","neve_meta_content_width":0,"neve_meta_title_alignment":"","neve_meta_author_avatar":"","neve_post_elements_order":"","neve_meta_disable_header":"","neve_meta_disable_footer":"","neve_meta_disable_title":"","footnotes":""},"class_list":["post-8","page","type-page","status-publish","hentry"],"_links":{"self":[{"href":"https:\/\/haraldreichle.de\/index.php\/wp-json\/wp\/v2\/pages\/8","targetHints":{"allow":["GET"]}}],"collection":[{"href":"https:\/\/haraldreichle.de\/index.php\/wp-json\/wp\/v2\/pages"}],"about":[{"href":"https:\/\/haraldreichle.de\/index.php\/wp-json\/wp\/v2\/types\/page"}],"author":[{"embeddable":true,"href":"https:\/\/haraldreichle.de\/index.php\/wp-json\/wp\/v2\/users\/2"}],"replies":[{"embeddable":true,"href":"https:\/\/haraldreichle.de\/index.php\/wp-json\/wp\/v2\/comments?post=8"}],"version-history":[{"count":93,"href":"https:\/\/haraldreichle.de\/index.php\/wp-json\/wp\/v2\/pages\/8\/revisions"}],"predecessor-version":[{"id":1648,"href":"https:\/\/haraldreichle.de\/index.php\/wp-json\/wp\/v2\/pages\/8\/revisions\/1648"}],"wp:attachment":[{"href":"https:\/\/haraldreichle.de\/index.php\/wp-json\/wp\/v2\/media?parent=8"}],"curies":[{"name":"wp","href":"https:\/\/api.w.org\/{rel}","templated":true}]}}