{"id":80,"date":"2021-01-17T15:49:54","date_gmt":"2021-01-17T15:49:54","guid":{"rendered":"https:\/\/haraldreichle.de\/?page_id=80"},"modified":"2022-03-09T14:36:16","modified_gmt":"2022-03-09T14:36:16","slug":"herzliche-impulse","status":"publish","type":"page","link":"https:\/\/haraldreichle.de\/index.php\/herzliche-impulse\/","title":{"rendered":"Herzliche Impulse"},"content":{"rendered":"\n<p class=\"has-text-align-center has-nv-c-2-color has-text-color has-large-font-size\">AnRegungen:<\/p>\n\n\n\n<p><\/p>\n\n\n\n<p class=\"has-text-align-center has-nv-c-1-color has-text-color\" style=\"font-size:30px\">\u201e<strong>Wenn Mensch mutig <\/strong>ur-alte<strong> Wunden, Emotionen, &#8230; \u00fcber-wunden hat<br>entsteht liebevolle Stille, tiefer Friede &#8211; ein wahres\u00a0Wunder.\u201c<\/strong> <em><sub>Harald Reichle<\/sub><\/em><\/p>\n\n\n\n<p class=\"has-text-align-center has-neve-link-hover-color-color has-text-color has-medium-font-size\">\u201eErschaffe Dir selbst die <strong>not-wendige Wende f\u00fcr ein angenehmes Ende.\u201c<\/strong> <em><sup><sub>Harald Reichle<\/sub><\/sup><\/em><br><strong>Fair-wandle Dich f\u00fcr ein neues, liebevolles Miteinander im Innen und Au\u00dfen.<\/strong><\/p>\n\n\n\n<p><\/p>\n\n\n\n<p class=\"has-text-align-center has-neve-link-color-color has-text-color has-medium-font-size\"><strong>Der April macht was er will&#8230; <\/strong>mal regnet es \u2013 dann lacht die Sonne wieder. \ud83d\ude42<br><strong>Alles neu macht der Mai\u2026 <\/strong>Licht, Liebe &amp; W\u00e4rme er-schafft bunt-bl\u00fchendes Leben.<br> &#8230; <em><strong>und Du?<\/strong><\/em><br><em>=&gt; (Wann) weinst &amp; lachst Du eigentlich?<\/em><br><em>=&gt; (Wann) bringst Du -gerade auch in dieser Zeit- heitere Herzensw\u00e4rme in diese Welt?<\/em><br><em>=&gt; <strong>(Wann) fair-wandelst Du<\/strong> Dich zu dem wie Du eigentlich bist<strong> &amp; <\/strong><\/em><strong><em>fair-wirklichst<\/em> <em>me<\/em><\/strong><em><strong>hr von dem, was DU wirklich willst<\/strong>?<\/em><br><br><strong><em>Lass Dich gerne weiter inspirieren<\/em> <em>&#8211; ic<strong>h freu\u00b4 mich auf Dich &amp; Deine Fair-\u00e4nderung.<\/strong><\/em><\/strong><br><br>* * *<\/p>\n\n\n\n<p><\/p>\n\n\n\n<blockquote class=\"wp-block-quote is-style-large is-layout-flow wp-block-quote-is-layout-flow\"><p><mark style=\"background-color:rgba(0, 0, 0, 0)\" class=\"has-inline-color has-neve-link-hover-color-color\">&#8222;Eine neue Art zu denken ist notwendig, wenn die Menschheit weiterleben will.&#8220;<\/mark><\/p><cite><sub>&#8211; <strong>Albert Einstein &#8211;<\/strong><\/sub><br><\/cite><\/blockquote>\n\n\n\n<blockquote class=\"wp-block-quote has-text-align-center is-style-large is-layout-flow wp-block-quote-is-layout-flow\"><p><mark style=\"background-color:rgba(0, 0, 0, 0);color:#f2905c\" class=\"has-inline-color\"><strong>&#8222;Phantasie\u00a0ist\u00a0wichtiger\u00a0als\u00a0Wissen, denn Wissen ist\u00a0begrenzt.&#8220;<\/strong><\/mark><\/p><cite><strong><sub>&#8211; <strong>Albert Einstein &#8211;<\/strong><\/sub><\/strong><\/cite><\/blockquote>\n\n\n\n<blockquote class=\"wp-block-quote has-text-align-center is-style-large is-layout-flow wp-block-quote-is-layout-flow\"><p><strong><span class=\"has-inline-color has-neve-link-color-color\">\u201eMan kann den Menschen nichts beibringen.<\/span><br><span class=\"has-inline-color has-neve-link-color-color\"> Man kann ihnen nur helfen, es in sich selbst zu entdecken.\u201c<\/span><\/strong><\/p><cite>&#8211; <strong><sub>Galileo Galilei &#8211;<\/sub><\/strong><\/cite><\/blockquote>\n\n\n\n<p class=\"has-text-align-center\" style=\"font-size:15px\"><strong>* * *<\/strong><\/p>\n\n\n\n<div class=\"wp-block-group\"><div class=\"wp-block-group__inner-container is-layout-flow wp-block-group-is-layout-flow\">\n<div class=\"wp-block-columns is-layout-flex wp-container-core-columns-is-layout-9d6595d7 wp-block-columns-is-layout-flex\">\n<div class=\"wp-block-column is-layout-flow wp-block-column-is-layout-flow\" style=\"flex-basis:50%\">\n<p class=\"has-text-align-center\" style=\"font-size:22px\"><strong>Achte auf Deine Gedanken, denn sie werden <\/strong><br><strong>Worte.<br>Achte auf Deine Worte, denn sie werden <\/strong><br><strong>Handlungen.&nbsp;<br>Achte auf Deine Handlungen, denn sie werden <\/strong><br><strong>Gewohnheiten.&nbsp;<br>Achte auf Deine Gewohnheiten, denn sie werden<\/strong><br><strong>Dein Charakter.<br>Achte auf Deinen Charakter, denn er wird Dein <\/strong><br><strong>Schicksal.<\/strong><br>Chinesisches Sprichwort<br>zugeschrieben auch Charles Reade.<em>&nbsp;Erg\u00e4nzend<\/em>:<br><strong>Achte auf Deine Emotionen &amp; Gef\u00fchle,<\/strong><br><strong>denn sie beeinflussen Dich &#8211; <\/strong><br><strong>wenn Du Dich mit ihnen identifizierst &#8230;<\/strong><\/p>\n<\/div>\n\n\n\n<div class=\"wp-block-column is-layout-flow wp-block-column-is-layout-flow\"><\/div>\n\n\n\n<div class=\"wp-block-column is-layout-flow wp-block-column-is-layout-flow\" style=\"flex-basis:50%\">\n<div class=\"wp-block-image\"><figure class=\"aligncenter size-large is-resized\"><img loading=\"lazy\" decoding=\"async\" src=\"https:\/\/haraldreichle.de\/wp-content\/uploads\/2021\/05\/Miteinander.jpg\" alt=\"\" class=\"wp-image-647\" width=\"318\" height=\"576\" srcset=\"https:\/\/haraldreichle.de\/wp-content\/uploads\/2021\/05\/Miteinander.jpg 331w, https:\/\/haraldreichle.de\/wp-content\/uploads\/2021\/05\/Miteinander-166x300.jpg 166w\" sizes=\"auto, (max-width: 318px) 100vw, 318px\" \/><\/figure><\/div>\n<\/div>\n<\/div>\n<\/div><\/div>\n\n\n\n<p class=\"has-text-align-center\" style=\"font-size:15px\"><strong>* * *<\/strong><\/p>\n\n\n\n<p class=\"has-text-align-center has-nv-c-2-color has-text-color\" style=\"font-size:24px\"><mark style=\"background-color:rgba(0, 0, 0, 0);color:#f2905c\" class=\"has-inline-color\"><strong>&#8222;Es gibt keinen Weg zum Gl\u00fcck \u2013 Gl\u00fcck ist der Weg.\u201d<\/strong> <em><sub>&#8211; Thich Nhat Han<\/sub><\/em><\/mark><sub><mark style=\"background-color:rgba(0, 0, 0, 0);color:#f2905c\" class=\"has-inline-color\"><em>h<\/em><\/mark> &#8211;<\/sub><br><br><mark style=\"background-color:rgba(0, 0, 0, 0);color:#f2905c\" class=\"has-inline-color\"><em>prima<\/em>=>\u00a0<strong>\u00a0&#8222;Zum Gl\u00fcck ist das Ziel dann nicht mehr im Weg&#8230;&#8220;\u00a0 \u00a0<\/strong>\ud83d\ude42<\/mark><\/p>\n\n\n\n<p class=\"has-text-align-center has-nv-c-2-color has-text-color\" style=\"font-size:24px\">*<span style=\"color:#f2905c\" class=\"has-inline-color\"><\/span><\/p>\n\n\n\n<p><\/p>\n\n\n\n<div class=\"wp-block-group\"><div class=\"wp-block-group__inner-container is-layout-flow wp-block-group-is-layout-flow\">\n<p><\/p>\n<\/div><\/div>\n\n\n\n<blockquote class=\"wp-block-quote has-text-align-center is-style-large is-layout-flow wp-block-quote-is-layout-flow\"><p><br><span class=\"has-inline-color has-neve-link-color-color\"><strong> <\/strong><\/span><\/p><p><strong><span class=\"has-inline-color has-neve-link-color-color\">Mit der Sophie-Philosophie &amp; Durch-Blick-weise-\u00c4nderung gut durch diese Zeit<\/span><\/strong><\/p><\/blockquote>\n\n\n\n<p class=\"has-text-align-center has-medium-font-size\"> <strong>Sophie von Sophia: \u201edie Weise\u201c &#8211; \u201edie Wissende\u201c<\/strong><\/p>\n\n\n\n<p class=\"has-text-align-center has-medium-font-size\">Lasst uns von Kindern lernen:<br>Sophie, die 7j\u00e4hrige Tochter meiner <a href=\"http:\/\/www.life-potential.de\/\">Coching-Kollegin<\/a> hat die<\/p>\n\n\n\n<p class=\"has-text-align-center has-neve-link-color-color has-text-color\" style=\"font-size:24px\">\u201e<strong>Im hier &amp; jetzt<br>Leben-s-Freude \u2013 Zauber &#8211; Formel\u201c<\/strong><\/p>\n\n\n\n<p class=\"has-text-align-center has-medium-font-size\">auf den Punkt gebracht.<br>Daher nenne ich es die \u201eSophie-Philosphie*<\/p>\n\n\n\n<p class=\"has-text-align-center has-neve-link-hover-color-color has-text-color has-medium-font-size\"><strong>Mama,<br>&#8230;wenn ich das nicht darf &#8211; was darf ich dann?<br>\u2026 wenn das gerade nicht geht &#8211; was dann?<\/strong><br><\/p>\n\n\n\n<p class=\"has-medium-font-size\">Schau welche Varianten ggf. f\u00fcr Dich passen &#8230;<\/p>\n\n\n\n<ul class=\"has-medium-font-size wp-block-list\"><li>\u2026 wenn ich das nicht bekomme &#8211; was dann? (Bzw. sehen, was ich schon alles sch\u00f6nes habe&#8230;)<\/li><li>\u2026 hilf mir das Geschenk hinter dem \u201eNein\u201c zu erkennen.<\/li><li>\u2026 <strong>ich freu\u00b4 mich<\/strong> jetzt schon drauf, wenn ich irgendwann verstehe, warum ich <em><strong>jetzt <\/strong><\/em><strong>Wut oder Trauer, &#8230; sp\u00fcre.<\/strong><br>denn je l\u00e4nger es dauert das Sch\u00f6ne darin zu finden &#8211; <strong>je gr\u00f6\u00dfer ist das Geschenk\/die Freude dahinter.<\/strong><br><em><sub>(vgl. das <strong>\u201eSuch die Freude-Spiel\u201c <\/strong>aus dem Kinderbuch Pollyanna)<\/sub><\/em><\/li><\/ul>\n\n\n\n<p><\/p>\n\n\n\n<p class=\"has-text-align-center has-neve-link-hover-color-color has-text-color has-medium-font-size\"> * * *<br><br><\/p>\n\n\n\n<p class=\"has-text-align-center has-neve-link-hover-color-color has-text-color\" style=\"font-size:22px\"><strong>&#8222;Reicher Mann und armer Mann standen da und sah\u2019n sich an. <br>Und der Arme sagte bleich: W\u00e4r ich nicht arm, w\u00e4rst du nicht reich.&#8220;  <\/strong><br><em><sub>&#8211; Berthold Brecht &#8211;<\/sub><\/em><br><\/p>\n\n\n\n<p class=\"has-text-align-center has-neve-link-hover-color-color has-text-color has-medium-font-size\"> * * *<br><br><span class=\"has-inline-color has-neve-text-color-color\">Frage:<em><strong> <\/strong><\/em><\/span><em><strong>\u201eWie geht es dir? <\/strong><\/em><span class=\"has-inline-color has-neve-text-color-color\">=&gt; Meine Antwort seit Jahren:<\/span><em><strong> \u201eJe nach dem wo (und wie) ich hinschaue.\u201c <\/strong><\/em><br><em><br><\/em><span class=\"has-inline-color has-neve-text-color-color\">=&gt;<\/span><em><span class=\"has-inline-color has-neve-text-color-color\"> A<\/span><\/em><span class=\"has-inline-color has-neve-text-color-color\"><em>lles hat eine un-, eine an-genehme und eine komische Seite.<sub> (vgl. Karl Valentin)<\/sub><\/em><br><\/span><br> * * *<\/p>\n\n\n\n<p class=\"has-text-align-center has-medium-font-size\">=&gt; <em>Gerne unterst\u00fctze ich Dich bei Deiner Suche nach der Freude und bereichere Dich<br>mit kreativen Sichtweisen die Welt anders zu sehen, angenehmer zu er-leben &amp; gestalten.<\/em><\/p>\n\n\n\n<div class=\"wp-block-columns is-layout-flex wp-container-core-columns-is-layout-9d6595d7 wp-block-columns-is-layout-flex\">\n<div class=\"wp-block-column is-layout-flow wp-block-column-is-layout-flow\" style=\"flex-basis:50%\">\n<p class=\"has-text-align-center has-neve-link-color-color has-text-color\" style=\"font-size:24px\"><br><strong>Weitere Impulse folgen &#8230;  <\/strong><\/p>\n<\/div>\n\n\n\n<div class=\"wp-block-column is-layout-flow wp-block-column-is-layout-flow\" style=\"flex-basis:50%\">\n<div class=\"wp-block-image\"><figure class=\"aligncenter size-large is-resized\"><img loading=\"lazy\" decoding=\"async\" src=\"https:\/\/haraldreichle.de\/wp-content\/uploads\/2021\/02\/Harald-Reichle_LY_Springer.jpg\" alt=\"\" class=\"wp-image-218\" width=\"129\" height=\"117\" srcset=\"https:\/\/haraldreichle.de\/wp-content\/uploads\/2021\/02\/Harald-Reichle_LY_Springer.jpg 545w, https:\/\/haraldreichle.de\/wp-content\/uploads\/2021\/02\/Harald-Reichle_LY_Springer-300x272.jpg 300w\" sizes=\"auto, (max-width: 129px) 100vw, 129px\" \/><\/figure><\/div>\n<\/div>\n<\/div>\n\n\n\n<p><\/p>\n","protected":false},"excerpt":{"rendered":"<p>AnRegungen: \u201eWenn Mensch mutig ur-alte Wunden, Emotionen, &#8230; \u00fcber-wunden hatentsteht liebevolle Stille, tiefer Friede &#8211; ein wahres\u00a0Wunder.\u201c Harald Reichle \u201eErschaffe Dir selbst die not-wendige Wende f\u00fcr ein angenehmes Ende.\u201c Harald ReichleFair-wandle Dich f\u00fcr ein neues, liebevolles Miteinander im Innen und Au\u00dfen. Der April macht was er will&#8230; mal regnet es \u2013 dann lacht die Sonne&hellip;&nbsp;<a href=\"https:\/\/haraldreichle.de\/index.php\/herzliche-impulse\/\" rel=\"bookmark\">Weiterlesen &raquo;<span class=\"screen-reader-text\">Herzliche Impulse<\/span><\/a><\/p>\n","protected":false},"author":2,"featured_media":0,"parent":0,"menu_order":0,"comment_status":"closed","ping_status":"closed","template":"","meta":{"neve_meta_sidebar":"full-width","neve_meta_container":"","neve_meta_enable_content_width":"on","neve_meta_content_width":100,"neve_meta_title_alignment":"","neve_meta_author_avatar":"","neve_post_elements_order":"","neve_meta_disable_header":"","neve_meta_disable_footer":"","neve_meta_disable_title":"","footnotes":""},"class_list":["post-80","page","type-page","status-publish","hentry"],"_links":{"self":[{"href":"https:\/\/haraldreichle.de\/index.php\/wp-json\/wp\/v2\/pages\/80","targetHints":{"allow":["GET"]}}],"collection":[{"href":"https:\/\/haraldreichle.de\/index.php\/wp-json\/wp\/v2\/pages"}],"about":[{"href":"https:\/\/haraldreichle.de\/index.php\/wp-json\/wp\/v2\/types\/page"}],"author":[{"embeddable":true,"href":"https:\/\/haraldreichle.de\/index.php\/wp-json\/wp\/v2\/users\/2"}],"replies":[{"embeddable":true,"href":"https:\/\/haraldreichle.de\/index.php\/wp-json\/wp\/v2\/comments?post=80"}],"version-history":[{"count":26,"href":"https:\/\/haraldreichle.de\/index.php\/wp-json\/wp\/v2\/pages\/80\/revisions"}],"predecessor-version":[{"id":1039,"href":"https:\/\/haraldreichle.de\/index.php\/wp-json\/wp\/v2\/pages\/80\/revisions\/1039"}],"wp:attachment":[{"href":"https:\/\/haraldreichle.de\/index.php\/wp-json\/wp\/v2\/media?parent=80"}],"curies":[{"name":"wp","href":"https:\/\/api.w.org\/{rel}","templated":true}]}}