{"id":9,"date":"2020-04-29T19:45:48","date_gmt":"2020-04-29T19:45:48","guid":{"rendered":"https:\/\/lachyoga-in-karlsruhe.de\/?page_id=8"},"modified":"2024-10-30T21:56:33","modified_gmt":"2024-10-30T21:56:33","slug":"kontakt","status":"publish","type":"page","link":"https:\/\/haraldreichle.de\/index.php\/kontakt\/","title":{"rendered":"Kontakt"},"content":{"rendered":"\n<p class=\"has-neve-link-hover-color-color has-text-color\" style=\"font-size:24px\">auch hier: Weitere Info \/ Text folgt &#8230;.  <\/p>\n\n\n\n<p class=\"has-text-align-center has-neve-link-hover-color-color has-text-color\" style=\"font-size:22px\"><\/p>\n\n\n\n<p class=\"has-text-align-center\" style=\"font-size:25px\"><strong>kontakt@haraldreichle<\/strong><s><mark style=\"background-color:rgba(0, 0, 0, 0)\" class=\"has-inline-color has-nv-c-2-color\">ENTFERNEN<\/mark><\/s><strong>.de<\/strong> *<\/p>\n\n\n\n<p><\/p>\n\n\n<div class=\"wp-block-image\">\n<figure class=\"aligncenter size-large\"><img loading=\"lazy\" decoding=\"async\" width=\"1024\" height=\"726\" src=\"https:\/\/haraldreichle.de\/wp-content\/uploads\/2024\/10\/Postkarte-Rueckseite-2024-10-PDF-zu-JPG-Gross-1024x726.jpg\" alt=\"\" class=\"wp-image-1482\" srcset=\"https:\/\/haraldreichle.de\/wp-content\/uploads\/2024\/10\/Postkarte-Rueckseite-2024-10-PDF-zu-JPG-Gross-1024x726.jpg 1024w, https:\/\/haraldreichle.de\/wp-content\/uploads\/2024\/10\/Postkarte-Rueckseite-2024-10-PDF-zu-JPG-Gross-300x213.jpg 300w, https:\/\/haraldreichle.de\/wp-content\/uploads\/2024\/10\/Postkarte-Rueckseite-2024-10-PDF-zu-JPG-Gross-768x545.jpg 768w, https:\/\/haraldreichle.de\/wp-content\/uploads\/2024\/10\/Postkarte-Rueckseite-2024-10-PDF-zu-JPG-Gross.jpg 1523w\" sizes=\"auto, (max-width: 1024px) 100vw, 1024px\" \/><\/figure>\n<\/div>\n\n\n<p><\/p>\n\n\n\n<p><br><br><br><\/p>\n\n\n\n<p> *Wenn Du mir eine <strong>E-Mail <\/strong>sendest, erkl\u00e4rst Du dich damit Einverstanden, dass Deine Daten zur Bearbeitung Deiner Anfrage erhoben, gespeichert und verarbeitet werden. Dieses Einverst\u00e4ndnis kannst Du&nbsp; jederzeit mit Wirkung f\u00fcr die Zukunft widerrufen.<\/p>\n\n\n\n<p><\/p>\n\n\n\n<p><\/p>\n\n\n\n<p><\/p>\n\n\n\n<p class=\"has-nv-site-bg-color has-text-color has-link-color wp-elements-76179957a10986415b563d2d028971e7\">#yoga #Lachyoga #Lach-yoga #Gl\u00fcck #Lebensfreude #Gesundheit #Gl\u00fcck #Vital-therapeut #Vitaltherapeut&nbsp; #TransFormation<br>&nbsp;#wohlf\u00fchlen #relaxen #Entspannung&nbsp; #Hochsensibel&nbsp;#Gelassenheit #Seelebaumelnlassen #Herz&amp;Seele #Balance #K\u00f6rperGeistSeele&nbsp; #InnereStimmeh\u00f6ren #Impulse #Herzensweg #Leichtigkeit #Gesundheit&nbsp; #Gef\u00fchl #MitGef\u00fchl #Karlsruhe<\/p>\n","protected":false},"excerpt":{"rendered":"<p>auch hier: Weitere Info \/ Text folgt &#8230;. kontakt@haraldreichleENTFERNEN.de * *Wenn Du mir eine E-Mail sendest, erkl\u00e4rst Du dich damit Einverstanden, dass Deine Daten zur Bearbeitung Deiner Anfrage erhoben, gespeichert und verarbeitet werden. Dieses Einverst\u00e4ndnis kannst Du&nbsp; jederzeit mit Wirkung f\u00fcr die Zukunft widerrufen. #yoga #Lachyoga #Lach-yoga #Gl\u00fcck #Lebensfreude #Gesundheit #Gl\u00fcck #Vital-therapeut #Vitaltherapeut&nbsp; #TransFormation&nbsp;#wohlf\u00fchlen #relaxen&hellip;&nbsp;<a href=\"https:\/\/haraldreichle.de\/index.php\/kontakt\/\" rel=\"bookmark\">Weiterlesen &raquo;<span class=\"screen-reader-text\">Kontakt<\/span><\/a><\/p>\n","protected":false},"author":2,"featured_media":0,"parent":0,"menu_order":0,"comment_status":"closed","ping_status":"closed","template":"","meta":{"neve_meta_sidebar":"","neve_meta_container":"","neve_meta_enable_content_width":"","neve_meta_content_width":0,"neve_meta_title_alignment":"","neve_meta_author_avatar":"","neve_post_elements_order":"","neve_meta_disable_header":"","neve_meta_disable_footer":"","neve_meta_disable_title":"","footnotes":""},"class_list":["post-9","page","type-page","status-publish","hentry"],"_links":{"self":[{"href":"https:\/\/haraldreichle.de\/index.php\/wp-json\/wp\/v2\/pages\/9","targetHints":{"allow":["GET"]}}],"collection":[{"href":"https:\/\/haraldreichle.de\/index.php\/wp-json\/wp\/v2\/pages"}],"about":[{"href":"https:\/\/haraldreichle.de\/index.php\/wp-json\/wp\/v2\/types\/page"}],"author":[{"embeddable":true,"href":"https:\/\/haraldreichle.de\/index.php\/wp-json\/wp\/v2\/users\/2"}],"replies":[{"embeddable":true,"href":"https:\/\/haraldreichle.de\/index.php\/wp-json\/wp\/v2\/comments?post=9"}],"version-history":[{"count":16,"href":"https:\/\/haraldreichle.de\/index.php\/wp-json\/wp\/v2\/pages\/9\/revisions"}],"predecessor-version":[{"id":1484,"href":"https:\/\/haraldreichle.de\/index.php\/wp-json\/wp\/v2\/pages\/9\/revisions\/1484"}],"wp:attachment":[{"href":"https:\/\/haraldreichle.de\/index.php\/wp-json\/wp\/v2\/media?parent=9"}],"curies":[{"name":"wp","href":"https:\/\/api.w.org\/{rel}","templated":true}]}}